{"id":16635,"date":"2014-04-04T16:48:45","date_gmt":"2014-04-04T14:48:45","guid":{"rendered":"http:\/\/www.thetfordmarine.com\/?page_id=16635"},"modified":"2020-02-13T14:36:53","modified_gmt":"2020-02-13T13:36:53","slug":"linee-guida-per-limpianto-idraulico-ed-elletrico-del-compact-line","status":"publish","type":"page","link":"https:\/\/www.thetfordmarine.com\/it\/linee-guida-per-limpianto-idraulico-ed-elletrico-del-compact-line\/","title":{"rendered":"Linee guida per l&#8217;impianto idraulico ed elettrico della Compact Line"},"content":{"rendered":"<h2>Impianto idraulico ed elettrico (pannello di controllo ECO)<\/h2>\n<p>Ci sono varie opzioni per far arrivare l&#8217;acqua pulita alla toilette nautica Tecma. Questo dipende principalmente dal tipo di imbarcazione, dalla stazza, la lunghezza e le preferenze del costruttore o del progettista. Quando si seleziona il prodotto Tecma pi\u00f9 adatto \u00e8 importante specificare la tipologia del sistema (singolo o centralizzato). Il sistema verr\u00e0 fornito con i componenti per la realizzazione dell&#8217;impianto prescelto. Ogni toilette nautica Tecma viene fornita con un&#8217;elettrovalvola(impianto centralizzato), o in alternativa, su richiesta, con una pompa di immissione (impianto singolo).<\/p>\n<table class=\"clean\">\n<tbody>\n<tr>\n<td><strong><strong>Dettagli impianto singolo<\/strong><\/strong><\/td>\n<td><strong><strong>Dettagli impianto centralizzato &#8211; acqua dolce<\/strong><\/strong><\/td>\n<\/tr>\n<tr>\n<td><a href=\"https:\/\/www.thetfordmarine.com\/it\/linee-guida-per-limpianto-idraulico-ed-elletrico-del-compact-line\/dettagli-impianto-singolo\/\"><img loading=\"lazy\" class=\"size-full wp-image-16557 alignnone\" src=\"https:\/\/www.thetfordmarine.com\/wp-content\/uploads\/2014\/04\/double.jpg\" alt=\"double\" width=\"150\" height=\"153\" srcset=\"https:\/\/www.thetfordmarine.com\/wp-content\/uploads\/2014\/04\/double.jpg 150w, https:\/\/www.thetfordmarine.com\/wp-content\/uploads\/2014\/04\/double-35x35.jpg 35w, https:\/\/www.thetfordmarine.com\/wp-content\/uploads\/2014\/04\/double-117x120.jpg 117w\" sizes=\"(max-width: 150px) 100vw, 150px\" \/><\/a><\/td>\n<td><a href=\"https:\/\/www.thetfordmarine.com\/it\/linee-guida-per-limpianto-idraulico-ed-elletrico-del-compact-line\/impianto-centrliazzato-con-acqua-dolce\/\"><img loading=\"lazy\" class=\"size-full wp-image-16560 alignnone\" src=\"https:\/\/www.thetfordmarine.com\/wp-content\/uploads\/2014\/04\/single.jpg\" alt=\"single\" width=\"150\" height=\"153\" srcset=\"https:\/\/www.thetfordmarine.com\/wp-content\/uploads\/2014\/04\/single.jpg 150w, https:\/\/www.thetfordmarine.com\/wp-content\/uploads\/2014\/04\/single-35x35.jpg 35w, https:\/\/www.thetfordmarine.com\/wp-content\/uploads\/2014\/04\/single-117x120.jpg 117w\" sizes=\"(max-width: 150px) 100vw, 150px\" \/><br \/>\n<\/a><\/td>\n<\/tr>\n<tr>\n<td><a href=\"https:\/\/www.thetfordmarine.com\/it\/linee-guida-per-limpianto-idraulico-ed-elletrico-del-compact-line\/dettagli-impianto-singolo\/\">Ulteriori informazioni<\/a><\/td>\n<td><a href=\"https:\/\/www.thetfordmarine.com\/it\/linee-guida-per-limpianto-idraulico-ed-elletrico-del-compact-line\/impianto-centrliazzato-con-acqua-dolce\/\">Ulteriori informazioni<\/a><\/td>\n<\/tr>\n<\/tbody>\n<\/table>\n<h2>Wiring (Optional control panels)<\/h2>\n<p>La toilette nautica Tecma pu\u00f2 essere comandata scegliendo uno dei tanti pannelli di comando proposti. Ogni pulsantiera offre diverse funzioni, design e ingombri. Quando si seleziona il prodotto Tecma pi\u00f9 adatto \u00e8 importante specificare il modello di centralina di comando desiderataa. Ogni toilette nautica Tecma viene fornita con un pannello di controllo standard ECO, in alternativa si pu\u00f2 richiedere un diverso tipo di pannello di controllo pi\u00f9 sofisticato.<\/p>\n<p>&nbsp;<\/p>\n<table class=\"clean\">\n<tbody>\n<tr>\n<td width=\"40%\"><strong>Eco Rocker Switch<\/strong><\/td>\n<td width=\"40%\"><strong>All-in-one SFT<\/strong><\/td>\n<\/tr>\n<tr>\n<td><img loading=\"lazy\" class=\"alignnone wp-image-33467\" src=\"https:\/\/www.thetfordmarine.com\/wp-content\/uploads\/2020\/02\/Eco_rocker_switch_4J3A4807-e1580998183809.jpg\" alt=\"\" width=\"78\" height=\"88\" srcset=\"https:\/\/www.thetfordmarine.com\/wp-content\/uploads\/2020\/02\/Eco_rocker_switch_4J3A4807-e1580998183809.jpg 1357w, https:\/\/www.thetfordmarine.com\/wp-content\/uploads\/2020\/02\/Eco_rocker_switch_4J3A4807-e1580998183809-177x200.jpg 177w, https:\/\/www.thetfordmarine.com\/wp-content\/uploads\/2020\/02\/Eco_rocker_switch_4J3A4807-e1580998183809-768x870.jpg 768w, https:\/\/www.thetfordmarine.com\/wp-content\/uploads\/2020\/02\/Eco_rocker_switch_4J3A4807-e1580998183809-904x1024.jpg 904w, https:\/\/www.thetfordmarine.com\/wp-content\/uploads\/2020\/02\/Eco_rocker_switch_4J3A4807-e1580998183809-106x120.jpg 106w\" sizes=\"(max-width: 78px) 100vw, 78px\" \/><\/td>\n<td><img loading=\"lazy\" class=\"alignnone wp-image-33442\" src=\"https:\/\/www.thetfordmarine.com\/wp-content\/uploads\/2020\/02\/All-in-one_2-buttons-1024x743.jpg\" alt=\"\" width=\"100\" height=\"73\" srcset=\"https:\/\/www.thetfordmarine.com\/wp-content\/uploads\/2020\/02\/All-in-one_2-buttons-1024x743.jpg 1024w, https:\/\/www.thetfordmarine.com\/wp-content\/uploads\/2020\/02\/All-in-one_2-buttons-200x145.jpg 200w, https:\/\/www.thetfordmarine.com\/wp-content\/uploads\/2020\/02\/All-in-one_2-buttons-768x557.jpg 768w, https:\/\/www.thetfordmarine.com\/wp-content\/uploads\/2020\/02\/All-in-one_2-buttons-120x87.jpg 120w, https:\/\/www.thetfordmarine.com\/wp-content\/uploads\/2020\/02\/All-in-one_2-buttons.jpg 1123w\" sizes=\"(max-width: 100px) 100vw, 100px\" \/><\/td>\n<\/tr>\n<tr>\n<td><a href=\"https:\/\/www.thetfordmarine.com\/compact-line-plumbing-and-wiring-guide\/eco-rocker-switch\/\">Ulteriori informazioni<\/a><\/td>\n<td><a href=\"https:\/\/www.thetfordmarine.com\/design-and-flexi-line-plumbing-and-wiring-guide\/all-in-one-control-panel\/\">Ulteriori informazioni<\/a><\/td>\n<\/tr>\n<\/tbody>\n<tbody>\n<tr>\n<td width=\"40%\">&nbsp;<\/p>\n<p><strong>Multiframe SFT 2P<\/strong><\/td>\n<td width=\"40%\">&nbsp;<\/p>\n<p><strong>Touch SFT Multifunction<\/strong><\/td>\n<\/tr>\n<tr>\n<td><img loading=\"lazy\" class=\"alignnone wp-image-33434\" src=\"https:\/\/www.thetfordmarine.com\/wp-content\/uploads\/2020\/02\/Multiframe-control-panel-1024x743.jpg\" alt=\"\" width=\"100\" height=\"73\" srcset=\"https:\/\/www.thetfordmarine.com\/wp-content\/uploads\/2020\/02\/Multiframe-control-panel-1024x743.jpg 1024w, https:\/\/www.thetfordmarine.com\/wp-content\/uploads\/2020\/02\/Multiframe-control-panel-200x145.jpg 200w, https:\/\/www.thetfordmarine.com\/wp-content\/uploads\/2020\/02\/Multiframe-control-panel-768x557.jpg 768w, https:\/\/www.thetfordmarine.com\/wp-content\/uploads\/2020\/02\/Multiframe-control-panel-120x87.jpg 120w, https:\/\/www.thetfordmarine.com\/wp-content\/uploads\/2020\/02\/Multiframe-control-panel.jpg 1123w\" sizes=\"(max-width: 100px) 100vw, 100px\" \/><\/td>\n<td><img loading=\"lazy\" class=\"alignnone wp-image-33430\" src=\"https:\/\/www.thetfordmarine.com\/wp-content\/uploads\/2020\/02\/Touch-control-panel-1024x743.jpg\" alt=\"\" width=\"100\" height=\"73\" srcset=\"https:\/\/www.thetfordmarine.com\/wp-content\/uploads\/2020\/02\/Touch-control-panel-1024x743.jpg 1024w, https:\/\/www.thetfordmarine.com\/wp-content\/uploads\/2020\/02\/Touch-control-panel-200x145.jpg 200w, https:\/\/www.thetfordmarine.com\/wp-content\/uploads\/2020\/02\/Touch-control-panel-768x557.jpg 768w, https:\/\/www.thetfordmarine.com\/wp-content\/uploads\/2020\/02\/Touch-control-panel-120x87.jpg 120w, https:\/\/www.thetfordmarine.com\/wp-content\/uploads\/2020\/02\/Touch-control-panel.jpg 1123w\" sizes=\"(max-width: 100px) 100vw, 100px\" \/><\/td>\n<\/tr>\n<tr>\n<td><a href=\"https:\/\/www.thetfordmarine.com\/it\/linee-guida-per-limpianto-idraulico-ed-elettrico-del-flexi-2g\/pannello-di-controllo-touch-sft-multifunction\/\">Ulteriori informazioni<\/a><\/td>\n<td><a href=\"https:\/\/www.thetfordmarine.com\/it\/linee-guida-per-limpianto-idraulico-ed-elletrico-del-compact-line\/pannello-di-controllo-touch-sft-multifunction\/\">Ulteriori informazioni<\/a><\/td>\n<\/tr>\n<\/tbody>\n<\/table>\n<p>&nbsp;<\/p>\n<p>&nbsp;<\/p>\n","protected":false},"excerpt":{"rendered":"<p>Impianto idraulico ed elettrico (pannello di controllo ECO) Ci sono varie opzioni per far arrivare l&#8217;acqua pulita alla toilette nautica Tecma. Questo dipende principalmente dal tipo di imbarcazione, dalla stazza, la lunghezza e le preferenze del costruttore o del progettista. Quando si seleziona il prodotto Tecma pi\u00f9 adatto \u00e8 importante specificare la tipologia del sistema [&hellip;]<\/p>\n","protected":false},"author":1,"featured_media":0,"parent":0,"menu_order":30,"comment_status":"closed","ping_status":"closed","template":"","meta":{"_relevanssi_hide_post":"","_relevanssi_pin_for_all":"","_relevanssi_pin_keywords":"","_relevanssi_unpin_keywords":"","_relevanssi_related_keywords":"","_relevanssi_related_include_ids":"","_relevanssi_related_exclude_ids":"","_relevanssi_related_no_append":"","_relevanssi_related_not_related":"","_relevanssi_related_posts":"","_relevanssi_noindex_reason":"","_monsterinsights_skip_tracking":false,"_monsterinsights_sitenote_active":false,"_monsterinsights_sitenote_note":"","_monsterinsights_sitenote_category":0,"_genesis_hide_title":false,"_genesis_hide_breadcrumbs":false,"_genesis_hide_singular_image":false,"_genesis_hide_footer_widgets":false,"_genesis_custom_body_class":"","_genesis_custom_post_class":"","_genesis_layout":""},"acf":[],"_links":{"self":[{"href":"https:\/\/www.thetfordmarine.com\/it\/wp-json\/wp\/v2\/pages\/16635"}],"collection":[{"href":"https:\/\/www.thetfordmarine.com\/it\/wp-json\/wp\/v2\/pages"}],"about":[{"href":"https:\/\/www.thetfordmarine.com\/it\/wp-json\/wp\/v2\/types\/page"}],"author":[{"embeddable":true,"href":"https:\/\/www.thetfordmarine.com\/it\/wp-json\/wp\/v2\/users\/1"}],"replies":[{"embeddable":true,"href":"https:\/\/www.thetfordmarine.com\/it\/wp-json\/wp\/v2\/comments?post=16635"}],"version-history":[{"count":11,"href":"https:\/\/www.thetfordmarine.com\/it\/wp-json\/wp\/v2\/pages\/16635\/revisions"}],"predecessor-version":[{"id":33689,"href":"https:\/\/www.thetfordmarine.com\/it\/wp-json\/wp\/v2\/pages\/16635\/revisions\/33689"}],"wp:attachment":[{"href":"https:\/\/www.thetfordmarine.com\/it\/wp-json\/wp\/v2\/media?parent=16635"}],"curies":[{"name":"wp","href":"https:\/\/api.w.org\/{rel}","templated":true}]}}