{"id":16637,"date":"2014-04-04T15:37:15","date_gmt":"2014-04-04T13:37:15","guid":{"rendered":"http:\/\/www.thetfordmarine.com\/?page_id=16637"},"modified":"2026-02-09T16:07:48","modified_gmt":"2026-02-09T15:07:48","slug":"come-funziona-flexi-e-design-line","status":"publish","type":"page","link":"https:\/\/www.thetfordmarine.com\/it\/come-funziona-flexi-e-design-line\/","title":{"rendered":"Come funziona e Manuali &#8211; Design e Flexi Line"},"content":{"rendered":"<p>&nbsp;<\/p>\n<h2>Manuale di Installazione ed uso\u00a0 &#8211; Design &amp; Flexi Line<\/h2>\n<p><a href=\"https:\/\/www.dropbox.com\/scl\/fi\/ep95wpmvpcg5cay7184j6\/Design-Flexi_Line_Installation-User-Manual_ITA-EN-DEU-FR_V08.pdf?rlkey=mpyaz0nut2gt4xdwtmv6i5i3c&amp;st=9xy5zaik&amp;dl=0\" target=\"_blank\" rel=\"noopener\"><span style=\"color: #910606;\"><b>Scarica qui<\/b><\/span><\/a><\/p>\n<p>&nbsp;<\/p>\n<h2>Componenti principali del sistema<\/h2>\n<p>Il sistema \u00e8 composto da tre componenti: la toilette maceratrice, il pannello di controllo e un dispositivo per l\u2019ingresso dell\u2019acqua pulita. Tutti i componenti sono provvisti di appositi connettori e gli attacchi per le tubazioni hanno dimensioni standad. Il sistema pu\u00f2 essere configurato con accessori o finiture opzionali.<\/p>\n<table class=\"clean\">\n<tbody>\n<tr>\n<td><img loading=\"lazy\" class=\"wp-image-33482 aligncenter\" src=\"https:\/\/www.thetfordmarine.com\/wp-content\/uploads\/2020\/02\/Silence-Plus-2G_CrossSection_BleuValve-e1581001343742-1024x936.jpg\" alt=\"\" width=\"200\" height=\"183\" srcset=\"https:\/\/www.thetfordmarine.com\/wp-content\/uploads\/2020\/02\/Silence-Plus-2G_CrossSection_BleuValve-e1581001343742-1024x936.jpg 1024w, https:\/\/www.thetfordmarine.com\/wp-content\/uploads\/2020\/02\/Silence-Plus-2G_CrossSection_BleuValve-e1581001343742-200x183.jpg 200w, https:\/\/www.thetfordmarine.com\/wp-content\/uploads\/2020\/02\/Silence-Plus-2G_CrossSection_BleuValve-e1581001343742-768x702.jpg 768w, https:\/\/www.thetfordmarine.com\/wp-content\/uploads\/2020\/02\/Silence-Plus-2G_CrossSection_BleuValve-e1581001343742-120x110.jpg 120w\" sizes=\"(max-width: 200px) 100vw, 200px\" \/><\/td>\n<td><img loading=\"lazy\" class=\"aligncenter wp-image-33444\" src=\"https:\/\/www.thetfordmarine.com\/wp-content\/uploads\/2020\/02\/All-in-one_2-buttons-1024x743.jpg\" alt=\"\" width=\"200\" height=\"145\" srcset=\"https:\/\/www.thetfordmarine.com\/wp-content\/uploads\/2020\/02\/All-in-one_2-buttons-1024x743.jpg 1024w, https:\/\/www.thetfordmarine.com\/wp-content\/uploads\/2020\/02\/All-in-one_2-buttons-200x145.jpg 200w, https:\/\/www.thetfordmarine.com\/wp-content\/uploads\/2020\/02\/All-in-one_2-buttons-768x557.jpg 768w, https:\/\/www.thetfordmarine.com\/wp-content\/uploads\/2020\/02\/All-in-one_2-buttons-120x87.jpg 120w, https:\/\/www.thetfordmarine.com\/wp-content\/uploads\/2020\/02\/All-in-one_2-buttons.jpg 1123w\" sizes=\"(max-width: 200px) 100vw, 200px\" \/><\/td>\n<td><a  href=\"https:\/\/www.thetfordmarine.com\/wp-content\/uploads\/2014\/04\/Solenoid_Tecma-Design-Flexi.jpg\" data-rel=\"lightbox-gallery-0\" data-rl_title=\"\" data-rl_caption=\"\" title=\"\"><img loading=\"lazy\" class=\"wp-image-25136 size-full aligncenter\" src=\"https:\/\/www.thetfordmarine.com\/wp-content\/uploads\/2014\/04\/Solenoid_Tecma-Design-Flexi.jpg\" alt=\"\" width=\"150\" height=\"125\" srcset=\"https:\/\/www.thetfordmarine.com\/wp-content\/uploads\/2014\/04\/Solenoid_Tecma-Design-Flexi.jpg 150w, https:\/\/www.thetfordmarine.com\/wp-content\/uploads\/2014\/04\/Solenoid_Tecma-Design-Flexi-120x100.jpg 120w\" sizes=\"(max-width: 150px) 100vw, 150px\" \/><\/a><\/td>\n<td><a  href=\"https:\/\/www.thetfordmarine.com\/wp-content\/uploads\/2014\/04\/InletPump_0415.jpg\" data-rel=\"lightbox-gallery-0\" data-rl_title=\"\" data-rl_caption=\"\" title=\"\"><img loading=\"lazy\" class=\"wp-image-25140 size-full aligncenter\" src=\"https:\/\/www.thetfordmarine.com\/wp-content\/uploads\/2014\/04\/InletPump_0415.jpg\" alt=\"\" width=\"161\" height=\"145\" srcset=\"https:\/\/www.thetfordmarine.com\/wp-content\/uploads\/2014\/04\/InletPump_0415.jpg 161w, https:\/\/www.thetfordmarine.com\/wp-content\/uploads\/2014\/04\/InletPump_0415-120x108.jpg 120w\" sizes=\"(max-width: 161px) 100vw, 161px\" \/><\/a><\/td>\n<\/tr>\n<tr>\n<td style=\"text-align: center;\" valign=\"top\" width=\"35%\">Ceramica complete di sedile, coprisedile e pompa maceratrice integrata per il trasferimento delle acque nere.<\/td>\n<td style=\"text-align: center;\" valign=\"top\" width=\"20%\">Pannello di controllo<\/td>\n<td style=\"text-align: center;\" colspan=\"2\" valign=\"top\" width=\"30%\">Dispositivo per l\u2019ingresso dell\u2019acqua pulita (12V\/24V\/110V\/230V)\u00a0\/ elettrovalvola o pompa dedicata.\u00a0A seconda del tipo di installazione sar\u00e0 un&#8217;elettrovalvola o una pompa di immissione.<\/td>\n<\/tr>\n<\/tbody>\n<\/table>\n<table>\n<tbody>\n<tr>\n<td width=\"30%\"><img loading=\"lazy\" class=\"aligncenter size-full wp-image-23165\" src=\"https:\/\/www.thetfordmarine.com\/wp-content\/uploads\/2014\/04\/macerator.png\" alt=\"\" width=\"150\" height=\"122\" srcset=\"https:\/\/www.thetfordmarine.com\/wp-content\/uploads\/2014\/04\/macerator.png 150w, https:\/\/www.thetfordmarine.com\/wp-content\/uploads\/2014\/04\/macerator-120x97.png 120w\" sizes=\"(max-width: 150px) 100vw, 150px\" \/><\/td>\n<td width=\"40%\"><img loading=\"lazy\" class=\"wp-image-33478 aligncenter\" src=\"https:\/\/www.thetfordmarine.com\/wp-content\/uploads\/2020\/02\/Silence-Plus-2G-Back_CloseUp_BleuValve-e1581001394303-1003x1024.jpg\" alt=\"\" width=\"150\" height=\"153\" srcset=\"https:\/\/www.thetfordmarine.com\/wp-content\/uploads\/2020\/02\/Silence-Plus-2G-Back_CloseUp_BleuValve-e1581001394303-1003x1024.jpg 1003w, https:\/\/www.thetfordmarine.com\/wp-content\/uploads\/2020\/02\/Silence-Plus-2G-Back_CloseUp_BleuValve-e1581001394303-35x35.jpg 35w, https:\/\/www.thetfordmarine.com\/wp-content\/uploads\/2020\/02\/Silence-Plus-2G-Back_CloseUp_BleuValve-e1581001394303-196x200.jpg 196w, https:\/\/www.thetfordmarine.com\/wp-content\/uploads\/2020\/02\/Silence-Plus-2G-Back_CloseUp_BleuValve-e1581001394303-768x784.jpg 768w, https:\/\/www.thetfordmarine.com\/wp-content\/uploads\/2020\/02\/Silence-Plus-2G-Back_CloseUp_BleuValve-e1581001394303-118x120.jpg 118w\" sizes=\"(max-width: 150px) 100vw, 150px\" \/><\/td>\n<td width=\"30%\"><img loading=\"lazy\" class=\"aligncenter size-full wp-image-23173\" src=\"https:\/\/www.thetfordmarine.com\/wp-content\/uploads\/2014\/04\/flush-technology1.png\" alt=\"\" width=\"202\" height=\"126\" srcset=\"https:\/\/www.thetfordmarine.com\/wp-content\/uploads\/2014\/04\/flush-technology1.png 202w, https:\/\/www.thetfordmarine.com\/wp-content\/uploads\/2014\/04\/flush-technology1-200x124.png 200w, https:\/\/www.thetfordmarine.com\/wp-content\/uploads\/2014\/04\/flush-technology1-120x74.png 120w\" sizes=\"(max-width: 202px) 100vw, 202px\" \/><\/td>\n<\/tr>\n<tr>\n<td style=\"text-align: center;\"><strong>Maceratore<\/strong><\/td>\n<td style=\"text-align: center;\"><strong>Flusso di scarico<\/strong><\/td>\n<td style=\"text-align: center;\"><strong>Tecnologia di scarico<\/strong><\/td>\n<\/tr>\n<tr>\n<td valign=\"top\">\n<ul>\n<li>Trasferimento rifiuti pi\u00f9 semplice e senza intasamento grazie alle lame disgreganti.<\/li>\n<li>Anticamera della girante per un&#8217;ottimale macerazione.<\/li>\n<li>Silenzioso.<\/li>\n<li>Integrato nella ceramica.<\/li>\n<\/ul>\n<\/td>\n<td valign=\"top\">\n<ul>\n<li>Speciale forma del tubo di scarico e due valvole di non ritorno posizionate in punti chiave.<\/li>\n<li>Tubo di scarico flessibile con fissaggio dritto e a gomito.<\/li>\n<li>Bloccaggio a prevenzione di ritorno di acque di scarico.<\/li>\n<li>Tappi idraulici di acqua pulita.<\/li>\n<li>Nessun cattivo odore.<\/li>\n<li>No a fenomeni di cavitazione.<\/li>\n<\/ul>\n<\/td>\n<td valign=\"top\">\n<ul>\n<li>Efficiente sistema di scarico con nozzle. Igiene ottimizzata.<\/li>\n<li>Nessuna necessit\u00e0 di fori sulla ceramica.<\/li>\n<li>Getto d&#8217;acqua ad alta pressione.<\/li>\n<li>Pulizia pi\u00f9 rapida e migliore.<\/li>\n<li>Copertura totale della superficie del WC.<\/li>\n<li>Basso consumo d&#8217;acqua per ogni scarico.<\/li>\n<\/ul>\n<\/td>\n<\/tr>\n<\/tbody>\n<\/table>\n<h2>Come funziona<\/h2>\n<ol>\n<li>Il dispositivo per l\u2019ingresso, elettrovalvola o pompa dedicata (disponibile in 12V\/24V\/110V\/230V), dell\u2019acqua pulita apre il flusso verso la toilette<\/li>\n<li>La pompa maceratrice, integrata all\u2019interno della ceramica, trita e spinge le acque nere verso il serbatoio di raccolta<\/li>\n<li>Il ciclo di scarico viene attivato premendo i pulsanti del pannello di controllo<\/li>\n<\/ol>\n<p><a  href=\"https:\/\/www.thetfordmarine.com\/wp-content\/uploads\/2014\/04\/international_flow1-e1444316871523.jpg\" data-rel=\"lightbox-gallery-0\" data-rl_title=\"\" data-rl_caption=\"\" title=\"\"><img loading=\"lazy\" class=\"alignnone wp-image-25656 size-full\" src=\"https:\/\/www.thetfordmarine.com\/wp-content\/uploads\/2014\/04\/international_flow1-e1444316871523.jpg\" alt=\"\" width=\"720\" height=\"274\" \/><\/a><\/p>\n<table class=\"clean\">\n<tbody>\n<tr>\n<td><img loading=\"lazy\" class=\"alignnone wp-image-33440\" src=\"https:\/\/www.thetfordmarine.com\/wp-content\/uploads\/2020\/02\/All-in-one_1-button-1024x743.jpg\" alt=\"\" width=\"150\" height=\"109\" srcset=\"https:\/\/www.thetfordmarine.com\/wp-content\/uploads\/2020\/02\/All-in-one_1-button-1024x743.jpg 1024w, https:\/\/www.thetfordmarine.com\/wp-content\/uploads\/2020\/02\/All-in-one_1-button-200x145.jpg 200w, https:\/\/www.thetfordmarine.com\/wp-content\/uploads\/2020\/02\/All-in-one_1-button-768x557.jpg 768w, https:\/\/www.thetfordmarine.com\/wp-content\/uploads\/2020\/02\/All-in-one_1-button-120x87.jpg 120w, https:\/\/www.thetfordmarine.com\/wp-content\/uploads\/2020\/02\/All-in-one_1-button.jpg 1123w\" sizes=\"(max-width: 150px) 100vw, 150px\" \/><\/td>\n<td><img loading=\"lazy\" class=\"alignnone wp-image-33444\" src=\"https:\/\/www.thetfordmarine.com\/wp-content\/uploads\/2020\/02\/All-in-one_2-buttons-1024x743.jpg\" alt=\"\" width=\"150\" height=\"109\" srcset=\"https:\/\/www.thetfordmarine.com\/wp-content\/uploads\/2020\/02\/All-in-one_2-buttons-1024x743.jpg 1024w, https:\/\/www.thetfordmarine.com\/wp-content\/uploads\/2020\/02\/All-in-one_2-buttons-200x145.jpg 200w, https:\/\/www.thetfordmarine.com\/wp-content\/uploads\/2020\/02\/All-in-one_2-buttons-768x557.jpg 768w, https:\/\/www.thetfordmarine.com\/wp-content\/uploads\/2020\/02\/All-in-one_2-buttons-120x87.jpg 120w, https:\/\/www.thetfordmarine.com\/wp-content\/uploads\/2020\/02\/All-in-one_2-buttons.jpg 1123w\" sizes=\"(max-width: 150px) 100vw, 150px\" \/><\/td>\n<\/tr>\n<tr>\n<td><strong>Versione ad 1 Pulsante<\/strong><\/td>\n<td><strong>Versione a 2 Pulsanti<\/strong><\/td>\n<\/tr>\n<tr>\n<td>Lo scarico \u00e8 attivato da un pulsante singolo: &#8220;Flush&#8221;. La toilette si riempie automaticamente di una piccola quantit\u00e0 di acqua pulita cos\u00ec da essere pronta per il prossimo utilizzo.<\/td>\n<td>Lo scarico \u00e8 attivato da due pulsanti: \u201cBefore\u201c e \u201cAfter\u201d. Alla fine del ciclo di scarico la toilette rimane vuota per la navigazione.<\/td>\n<\/tr>\n<\/tbody>\n<\/table>\n<h2>Come funziona Il sistema con maceratore Tecma<\/h2>\n<p><iframe loading=\"lazy\" title=\"How it works the Tecma Macerator System\" width=\"500\" height=\"281\" src=\"https:\/\/www.youtube.com\/embed\/W9pvWgslYjU?feature=oembed&amp;wmode=opaque&#038;enablejsapi=1&#038;origin=https:\/\/www.thetfordmarine.com\" frameborder=\"0\" allow=\"accelerometer; autoplay; clipboard-write; encrypted-media; gyroscope; picture-in-picture; web-share\" referrerpolicy=\"strict-origin-when-cross-origin\" allowfullscreen><\/iframe><\/p>\n<p>&nbsp;<\/p>\n<p>&nbsp;<\/p>\n","protected":false},"excerpt":{"rendered":"<p>&nbsp; Manuale di Installazione ed uso\u00a0 &#8211; Design &amp; Flexi Line Scarica qui &nbsp; Componenti principali del sistema Il sistema \u00e8 composto da tre componenti: la toilette maceratrice, il pannello di controllo e un dispositivo per l\u2019ingresso dell\u2019acqua pulita. Tutti i componenti sono provvisti di appositi connettori e gli attacchi per le tubazioni hanno dimensioni [&hellip;]<\/p>\n","protected":false},"author":1,"featured_media":0,"parent":0,"menu_order":18,"comment_status":"closed","ping_status":"closed","template":"","meta":{"_relevanssi_hide_post":"","_relevanssi_pin_for_all":"","_relevanssi_pin_keywords":"","_relevanssi_unpin_keywords":"","_relevanssi_related_keywords":"","_relevanssi_related_include_ids":"","_relevanssi_related_exclude_ids":"","_relevanssi_related_no_append":"","_relevanssi_related_not_related":"","_relevanssi_related_posts":"","_relevanssi_noindex_reason":"","_monsterinsights_skip_tracking":false,"_monsterinsights_sitenote_active":false,"_monsterinsights_sitenote_note":"","_monsterinsights_sitenote_category":0,"_genesis_hide_title":false,"_genesis_hide_breadcrumbs":false,"_genesis_hide_singular_image":false,"_genesis_hide_footer_widgets":false,"_genesis_custom_body_class":"","_genesis_custom_post_class":"","_genesis_layout":""},"acf":[],"_links":{"self":[{"href":"https:\/\/www.thetfordmarine.com\/it\/wp-json\/wp\/v2\/pages\/16637"}],"collection":[{"href":"https:\/\/www.thetfordmarine.com\/it\/wp-json\/wp\/v2\/pages"}],"about":[{"href":"https:\/\/www.thetfordmarine.com\/it\/wp-json\/wp\/v2\/types\/page"}],"author":[{"embeddable":true,"href":"https:\/\/www.thetfordmarine.com\/it\/wp-json\/wp\/v2\/users\/1"}],"replies":[{"embeddable":true,"href":"https:\/\/www.thetfordmarine.com\/it\/wp-json\/wp\/v2\/comments?post=16637"}],"version-history":[{"count":11,"href":"https:\/\/www.thetfordmarine.com\/it\/wp-json\/wp\/v2\/pages\/16637\/revisions"}],"predecessor-version":[{"id":37674,"href":"https:\/\/www.thetfordmarine.com\/it\/wp-json\/wp\/v2\/pages\/16637\/revisions\/37674"}],"wp:attachment":[{"href":"https:\/\/www.thetfordmarine.com\/it\/wp-json\/wp\/v2\/media?parent=16637"}],"curies":[{"name":"wp","href":"https:\/\/api.w.org\/{rel}","templated":true}]}}