{"id":17060,"date":"2014-04-08T15:55:27","date_gmt":"2014-04-08T13:55:27","guid":{"rendered":"http:\/\/www.thetfordmarine.com\/?page_id=17060"},"modified":"2015-02-06T15:18:28","modified_gmt":"2015-02-06T14:18:28","slug":"impianto-centrliazzato-con-acqua-dolce","status":"publish","type":"page","link":"https:\/\/www.thetfordmarine.com\/it\/linee-guida-per-limpianto-idraulico-ed-elletrico-del-compact-line\/impianto-centrliazzato-con-acqua-dolce\/","title":{"rendered":"Impianto centrliazzato con acqua dolce"},"content":{"rendered":"<p><img loading=\"lazy\" class=\"alignnone size-full wp-image-23510\" src=\"https:\/\/www.thetfordmarine.com\/wp-content\/uploads\/2014\/04\/image4-it2.jpg\" alt=\"\" width=\"580\" height=\"203\" srcset=\"https:\/\/www.thetfordmarine.com\/wp-content\/uploads\/2014\/04\/image4-it2.jpg 580w, https:\/\/www.thetfordmarine.com\/wp-content\/uploads\/2014\/04\/image4-it2-200x70.jpg 200w, https:\/\/www.thetfordmarine.com\/wp-content\/uploads\/2014\/04\/image4-it2-120x42.jpg 120w\" sizes=\"(max-width: 580px) 100vw, 580px\" \/><\/p>\n<ul>\n<li>Il sistema \u00e8 composto da una o pi\u00f9 toilette<\/li>\n<li>Ogni toilette \u00e8 approvigionata con acuqaz proveniente dall&#8217;impianto generale \u00a0pressurizzato di acqua dolce. Lo stesso impianto che distribuisce acqua alle varie utenze: lavabi, bidet docce etc.<\/li>\n<li>Ogni toilette ha un&#8217;elettrovalvola dedicata, che viene alimentata elettricamente dal pannello di controllo<\/li>\n<\/ul>\n<h2>Wiring details<\/h2>\n<p><img loading=\"lazy\" class=\"alignnone size-full wp-image-17308\" src=\"https:\/\/www.thetfordmarine.com\/wp-content\/uploads\/2014\/04\/image3-it.jpg\" alt=\"image3-it\" width=\"285\" height=\"434\" \/><\/p>\n<ul>\n<li>Un rompi-sifone \u00e8 sempre raccomandato<\/li>\n<li>\u00e8 obbligatorio installare un rompi sifone per installazioni sotto la linea di galleggiamento (per sistemi con approvvigionamento da presa a mare)<\/li>\n<li>\u00e8 obbligatorio per imbarcazioni a vela (per sistemi con approvvigionamento da presa a mare)<\/li>\n<\/ul>\n<p><img loading=\"lazy\" class=\"alignnone size-full wp-image-17049\" src=\"https:\/\/www.thetfordmarine.com\/wp-content\/uploads\/2014\/04\/siphon-break.jpg\" alt=\"siphon-break\" width=\"600\" height=\"211\" srcset=\"https:\/\/www.thetfordmarine.com\/wp-content\/uploads\/2014\/04\/siphon-break.jpg 600w, https:\/\/www.thetfordmarine.com\/wp-content\/uploads\/2014\/04\/siphon-break-200x70.jpg 200w, https:\/\/www.thetfordmarine.com\/wp-content\/uploads\/2014\/04\/siphon-break-120x42.jpg 120w\" sizes=\"(max-width: 600px) 100vw, 600px\" \/><\/p>\n","protected":false},"excerpt":{"rendered":"<p>Il sistema \u00e8 composto da una o pi\u00f9 toilette Ogni toilette \u00e8 approvigionata con acuqaz proveniente dall&#8217;impianto generale \u00a0pressurizzato di acqua dolce. Lo stesso impianto che distribuisce acqua alle varie utenze: lavabi, bidet docce etc. Ogni toilette ha un&#8217;elettrovalvola dedicata, che viene alimentata elettricamente dal pannello di controllo Wiring details Un rompi-sifone \u00e8 sempre raccomandato [&hellip;]<\/p>\n","protected":false},"author":1,"featured_media":0,"parent":16635,"menu_order":0,"comment_status":"closed","ping_status":"closed","template":"","meta":{"_relevanssi_hide_post":"","_relevanssi_pin_for_all":"","_relevanssi_pin_keywords":"","_relevanssi_unpin_keywords":"","_relevanssi_related_keywords":"","_relevanssi_related_include_ids":"","_relevanssi_related_exclude_ids":"","_relevanssi_related_no_append":"","_relevanssi_related_not_related":"","_relevanssi_related_posts":"","_relevanssi_noindex_reason":"","_monsterinsights_skip_tracking":false,"_monsterinsights_sitenote_active":false,"_monsterinsights_sitenote_note":"","_monsterinsights_sitenote_category":0,"_genesis_hide_title":false,"_genesis_hide_breadcrumbs":false,"_genesis_hide_singular_image":false,"_genesis_hide_footer_widgets":false,"_genesis_custom_body_class":"","_genesis_custom_post_class":"","_genesis_layout":""},"acf":[],"_links":{"self":[{"href":"https:\/\/www.thetfordmarine.com\/it\/wp-json\/wp\/v2\/pages\/17060"}],"collection":[{"href":"https:\/\/www.thetfordmarine.com\/it\/wp-json\/wp\/v2\/pages"}],"about":[{"href":"https:\/\/www.thetfordmarine.com\/it\/wp-json\/wp\/v2\/types\/page"}],"author":[{"embeddable":true,"href":"https:\/\/www.thetfordmarine.com\/it\/wp-json\/wp\/v2\/users\/1"}],"replies":[{"embeddable":true,"href":"https:\/\/www.thetfordmarine.com\/it\/wp-json\/wp\/v2\/comments?post=17060"}],"version-history":[{"count":0,"href":"https:\/\/www.thetfordmarine.com\/it\/wp-json\/wp\/v2\/pages\/17060\/revisions"}],"up":[{"embeddable":true,"href":"https:\/\/www.thetfordmarine.com\/it\/wp-json\/wp\/v2\/pages\/16635"}],"wp:attachment":[{"href":"https:\/\/www.thetfordmarine.com\/it\/wp-json\/wp\/v2\/media?parent=17060"}],"curies":[{"name":"wp","href":"https:\/\/api.w.org\/{rel}","templated":true}]}}