{"id":27263,"date":"2016-05-27T16:05:41","date_gmt":"2016-05-27T14:05:41","guid":{"rendered":"http:\/\/www.thetfordmarine.com\/it\/flexi-2g-line-plumbing-wiring-guide\/"},"modified":"2020-02-13T14:16:30","modified_gmt":"2020-02-13T13:16:30","slug":"linee-guida-per-limpianto-idraulico-ed-elettrico-del-flexi-2g","status":"publish","type":"page","link":"https:\/\/www.thetfordmarine.com\/it\/linee-guida-per-limpianto-idraulico-ed-elettrico-del-flexi-2g\/","title":{"rendered":"Linee guida per l&#8217;impianto idraulico ed elettrico della Flexi 2G"},"content":{"rendered":"<h2>Impianto idraulico<\/h2>\n<p>Ci sono varie opzioni per far arrivare l&#8217;acqua pulita alla toilette nautica Tecma. Questo dipende principalmente dal tipo di imbarcazione, dalle dimensioni e dalle preferenze del costruttore o del progettista. Quando si seleziona il prodotto Tecma pi\u00f9 adatto \u00e8 importante specificare la tipologia del sistema (singolo o centralizzato). Il sistema verr\u00e0 fornito con i componenti per la realizzazione dell&#8217;impianto prescelto. Ogni toilette nautica Tecma viene fornita con un&#8217;elettrovalvola (impianto centralizzato), o in alternativa, su richiesta, con una pompa di immissione (impianto singolo).<\/p>\n<table class=\"clean\" align=\"center\">\n<tbody>\n<tr>\n<td style=\"text-align: center;\"><strong>Impianto singolo<\/strong><\/td>\n<td style=\"text-align: center;\"><strong>Impianto centralizzato\u00a0acqua dolce<\/strong><\/td>\n<\/tr>\n<tr>\n<td><a href=\"https:\/\/www.thetfordmarine.com\/it\/linee-guida-per-limpianto-idraulico-ed-elettrico-del-flexi-2g\/dettagli-impianto-singolo\/\"><img loading=\"lazy\" class=\"aligncenter wp-image-16560 size-full\" src=\"https:\/\/www.thetfordmarine.com\/wp-content\/uploads\/2014\/04\/single.jpg\" alt=\"single\" width=\"150\" height=\"153\" srcset=\"https:\/\/www.thetfordmarine.com\/wp-content\/uploads\/2014\/04\/single.jpg 150w, https:\/\/www.thetfordmarine.com\/wp-content\/uploads\/2014\/04\/single-35x35.jpg 35w, https:\/\/www.thetfordmarine.com\/wp-content\/uploads\/2014\/04\/single-117x120.jpg 117w\" sizes=\"(max-width: 150px) 100vw, 150px\" \/><\/a><\/td>\n<td><a href=\"https:\/\/www.thetfordmarine.com\/it\/linee-guida-per-limpianto-idraulico-ed-elettrico-del-flexi-2g\/dettagli-impianto-centralizzato-acqua-dolce\/\"><img loading=\"lazy\" class=\"aligncenter wp-image-17089 size-full\" src=\"https:\/\/www.thetfordmarine.com\/wp-content\/uploads\/2014\/04\/double1.jpg\" alt=\"double\" width=\"150\" height=\"153\" srcset=\"https:\/\/www.thetfordmarine.com\/wp-content\/uploads\/2014\/04\/double1.jpg 150w, https:\/\/www.thetfordmarine.com\/wp-content\/uploads\/2014\/04\/double1-35x35.jpg 35w, https:\/\/www.thetfordmarine.com\/wp-content\/uploads\/2014\/04\/double1-117x120.jpg 117w\" sizes=\"(max-width: 150px) 100vw, 150px\" \/><\/a><\/td>\n<\/tr>\n<tr>\n<td style=\"text-align: center;\"><a href=\"https:\/\/www.thetfordmarine.com\/it\/linee-guida-per-limpianto-idraulico-ed-elettrico-del-flexi-2g\/dettagli-impianto-singolo\/\">Ulteriori informazioni<\/a><\/td>\n<td style=\"text-align: center;\"><a href=\"https:\/\/www.thetfordmarine.com\/it\/linee-guida-per-limpianto-idraulico-ed-elettrico-del-flexi-2g\/dettagli-impianto-centralizzato-acqua-dolce\/\">Ulteriori informazioni<\/a><\/td>\n<\/tr>\n<\/tbody>\n<\/table>\n<h2>Impianto Elettrico<\/h2>\n<p>La toilette nautica Tecma pu\u00f2 essere comandata scegliendo uno dei tanti pannelli di comando proposti. Ogni pulsantiera offre diverse funzioni, design e ingombri. Quando si seleziona il prodotto Tecma pi\u00f9 adatto \u00e8 importante specificare il modello di centralina di comando desiderataa. Ogni toilette nautica Tecma viene fornita con un pannello di controllo standard ALL-IN-ONE, in alternativa si pu\u00f2 richiedere un diverso tipo di pannello di controllo.<\/p>\n<p>&nbsp;<\/p>\n<table class=\"clean\">\n<tbody>\n<tr>\n<td width=\"40%\"><strong>All-in-one SFT (1 e 2P)<\/strong><\/td>\n<td width=\"40%\"><strong>Multiframe SFT 2P<\/strong><\/td>\n<\/tr>\n<tr>\n<td><img loading=\"lazy\" class=\"alignnone wp-image-33442\" src=\"https:\/\/www.thetfordmarine.com\/wp-content\/uploads\/2020\/02\/All-in-one_2-buttons-1024x743.jpg\" alt=\"\" width=\"100\" height=\"73\" srcset=\"https:\/\/www.thetfordmarine.com\/wp-content\/uploads\/2020\/02\/All-in-one_2-buttons-1024x743.jpg 1024w, https:\/\/www.thetfordmarine.com\/wp-content\/uploads\/2020\/02\/All-in-one_2-buttons-200x145.jpg 200w, https:\/\/www.thetfordmarine.com\/wp-content\/uploads\/2020\/02\/All-in-one_2-buttons-768x557.jpg 768w, https:\/\/www.thetfordmarine.com\/wp-content\/uploads\/2020\/02\/All-in-one_2-buttons-120x87.jpg 120w, https:\/\/www.thetfordmarine.com\/wp-content\/uploads\/2020\/02\/All-in-one_2-buttons.jpg 1123w\" sizes=\"(max-width: 100px) 100vw, 100px\" \/><\/td>\n<td><img loading=\"lazy\" class=\"alignnone wp-image-33434\" src=\"https:\/\/www.thetfordmarine.com\/wp-content\/uploads\/2020\/02\/Multiframe-control-panel-1024x743.jpg\" alt=\"\" width=\"100\" height=\"73\" srcset=\"https:\/\/www.thetfordmarine.com\/wp-content\/uploads\/2020\/02\/Multiframe-control-panel-1024x743.jpg 1024w, https:\/\/www.thetfordmarine.com\/wp-content\/uploads\/2020\/02\/Multiframe-control-panel-200x145.jpg 200w, https:\/\/www.thetfordmarine.com\/wp-content\/uploads\/2020\/02\/Multiframe-control-panel-768x557.jpg 768w, https:\/\/www.thetfordmarine.com\/wp-content\/uploads\/2020\/02\/Multiframe-control-panel-120x87.jpg 120w, https:\/\/www.thetfordmarine.com\/wp-content\/uploads\/2020\/02\/Multiframe-control-panel.jpg 1123w\" sizes=\"(max-width: 100px) 100vw, 100px\" \/><\/td>\n<\/tr>\n<tr>\n<td><a href=\"https:\/\/www.thetfordmarine.com\/it\/linee-guida-per-limpianto-idraulico-ed-elettrico-del-design-e-flexi-line\/pannello-di-controllo-all-in-one\/\">Ulteriori informazioni<\/a><\/td>\n<td><a href=\"https:\/\/www.thetfordmarine.com\/it\/linee-guida-per-limpianto-idraulico-ed-elettrico-del-flexi-2g\/pannello-di-controllo-multiframe-sft-2p\/\">Ulteriori informazioni<\/a><\/td>\n<\/tr>\n<\/tbody>\n<tbody>\n<tr>\n<td width=\"40%\">&nbsp;<\/p>\n<p><strong>Touch SFT Multifunction<\/strong><\/td>\n<td width=\"40%\">&nbsp;<\/p>\n<p><strong>110\/230 V Powered System<\/strong><\/td>\n<\/tr>\n<tr>\n<td><img loading=\"lazy\" class=\"alignnone wp-image-33430\" src=\"https:\/\/www.thetfordmarine.com\/wp-content\/uploads\/2020\/02\/Touch-control-panel-1024x743.jpg\" alt=\"\" width=\"100\" height=\"73\" srcset=\"https:\/\/www.thetfordmarine.com\/wp-content\/uploads\/2020\/02\/Touch-control-panel-1024x743.jpg 1024w, https:\/\/www.thetfordmarine.com\/wp-content\/uploads\/2020\/02\/Touch-control-panel-200x145.jpg 200w, https:\/\/www.thetfordmarine.com\/wp-content\/uploads\/2020\/02\/Touch-control-panel-768x557.jpg 768w, https:\/\/www.thetfordmarine.com\/wp-content\/uploads\/2020\/02\/Touch-control-panel-120x87.jpg 120w, https:\/\/www.thetfordmarine.com\/wp-content\/uploads\/2020\/02\/Touch-control-panel.jpg 1123w\" sizes=\"(max-width: 100px) 100vw, 100px\" \/><\/td>\n<td><a href=\"https:\/\/www.thetfordmarine.com\/it\/linee-guida-per-limpianto-idraulico-ed-elettrico-del-flexi-2g\/sistema-alimentato-230v\/\">Ulteriori informazioni<\/a><\/td>\n<\/tr>\n<tr>\n<td><a href=\"https:\/\/www.thetfordmarine.com\/it\/linee-guida-per-limpianto-idraulico-ed-elettrico-del-flexi-2g\/pannello-di-controllo-touch-sft-multifunction\/\">Ulteriori informazioni<\/a><\/td>\n<td><\/td>\n<\/tr>\n<\/tbody>\n<\/table>\n<p>&nbsp;<\/p>\n","protected":false},"excerpt":{"rendered":"<p>Impianto idraulico Ci sono varie opzioni per far arrivare l&#8217;acqua pulita alla toilette nautica Tecma. Questo dipende principalmente dal tipo di imbarcazione, dalle dimensioni e dalle preferenze del costruttore o del progettista. Quando si seleziona il prodotto Tecma pi\u00f9 adatto \u00e8 importante specificare la tipologia del sistema (singolo o centralizzato). Il sistema verr\u00e0 fornito con [&hellip;]<\/p>\n","protected":false},"author":1,"featured_media":0,"parent":0,"menu_order":0,"comment_status":"closed","ping_status":"closed","template":"","meta":{"_relevanssi_hide_post":"","_relevanssi_pin_for_all":"","_relevanssi_pin_keywords":"","_relevanssi_unpin_keywords":"","_relevanssi_related_keywords":"","_relevanssi_related_include_ids":"","_relevanssi_related_exclude_ids":"","_relevanssi_related_no_append":"","_relevanssi_related_not_related":"","_relevanssi_related_posts":"","_relevanssi_noindex_reason":"","_monsterinsights_skip_tracking":false,"_monsterinsights_sitenote_active":false,"_monsterinsights_sitenote_note":"","_monsterinsights_sitenote_category":0,"_genesis_hide_title":false,"_genesis_hide_breadcrumbs":false,"_genesis_hide_singular_image":false,"_genesis_hide_footer_widgets":false,"_genesis_custom_body_class":"","_genesis_custom_post_class":"","_genesis_layout":""},"acf":[],"_links":{"self":[{"href":"https:\/\/www.thetfordmarine.com\/it\/wp-json\/wp\/v2\/pages\/27263"}],"collection":[{"href":"https:\/\/www.thetfordmarine.com\/it\/wp-json\/wp\/v2\/pages"}],"about":[{"href":"https:\/\/www.thetfordmarine.com\/it\/wp-json\/wp\/v2\/types\/page"}],"author":[{"embeddable":true,"href":"https:\/\/www.thetfordmarine.com\/it\/wp-json\/wp\/v2\/users\/1"}],"replies":[{"embeddable":true,"href":"https:\/\/www.thetfordmarine.com\/it\/wp-json\/wp\/v2\/comments?post=27263"}],"version-history":[{"count":13,"href":"https:\/\/www.thetfordmarine.com\/it\/wp-json\/wp\/v2\/pages\/27263\/revisions"}],"predecessor-version":[{"id":33658,"href":"https:\/\/www.thetfordmarine.com\/it\/wp-json\/wp\/v2\/pages\/27263\/revisions\/33658"}],"wp:attachment":[{"href":"https:\/\/www.thetfordmarine.com\/it\/wp-json\/wp\/v2\/media?parent=27263"}],"curies":[{"name":"wp","href":"https:\/\/api.w.org\/{rel}","templated":true}]}}