{"id":27279,"date":"2016-05-27T16:10:41","date_gmt":"2016-05-27T14:10:41","guid":{"rendered":"http:\/\/www.thetfordmarine.com\/it\/linee-guida-per-limpianto-idraulico-ed-elettrico-del-flexi-2g\/centralized-fresh-water-details\/"},"modified":"2020-02-11T16:11:53","modified_gmt":"2020-02-11T15:11:53","slug":"dettagli-impianto-centralizzato-acqua-dolce","status":"publish","type":"page","link":"https:\/\/www.thetfordmarine.com\/it\/linee-guida-per-limpianto-idraulico-ed-elettrico-del-flexi-2g\/dettagli-impianto-centralizzato-acqua-dolce\/","title":{"rendered":"Dettagli impianto centralizzato &#8211; acqua dolce"},"content":{"rendered":"<p><img loading=\"lazy\" class=\"alignnone size-full wp-image-25199\" src=\"https:\/\/www.thetfordmarine.com\/wp-content\/uploads\/2014\/04\/Fresh_water_plumbing_central-system_EN1.jpg\" alt=\"\" width=\"675\" height=\"281\" srcset=\"https:\/\/www.thetfordmarine.com\/wp-content\/uploads\/2014\/04\/Fresh_water_plumbing_central-system_EN1.jpg 675w, https:\/\/www.thetfordmarine.com\/wp-content\/uploads\/2014\/04\/Fresh_water_plumbing_central-system_EN1-200x83.jpg 200w, https:\/\/www.thetfordmarine.com\/wp-content\/uploads\/2014\/04\/Fresh_water_plumbing_central-system_EN1-120x50.jpg 120w\" sizes=\"(max-width: 675px) 100vw, 675px\" \/><\/p>\n<ul>\n<li>Il sistema \u00e8 composto da una o pi\u00f9 toilette<\/li>\n<li>Ogni toilette \u00e8 approvigionata con acuqaz proveniente dall&#8217;impianto generale \u00a0pressurizzato di acqua dolce. Lo stesso impianto che distribuisce acqua alle varie utenze: lavabi, bidet docce etc.<\/li>\n<li>Ogni toilette ha un&#8217;elettrovalvola dedicata, che viene alimentata elettricamente dal pannello di controllo<\/li>\n<\/ul>\n<h2>Dettagli di cablaggio<\/h2>\n<p>&nbsp;<\/p>\n<p><img loading=\"lazy\" class=\"alignnone wp-image-33609\" src=\"https:\/\/www.thetfordmarine.com\/wp-content\/uploads\/2020\/02\/P.78_All-in-one-panel-1-1024x782.jpg\" alt=\"\" width=\"670\" height=\"512\" srcset=\"https:\/\/www.thetfordmarine.com\/wp-content\/uploads\/2020\/02\/P.78_All-in-one-panel-1-1024x782.jpg 1024w, https:\/\/www.thetfordmarine.com\/wp-content\/uploads\/2020\/02\/P.78_All-in-one-panel-1-200x153.jpg 200w, https:\/\/www.thetfordmarine.com\/wp-content\/uploads\/2020\/02\/P.78_All-in-one-panel-1-768x586.jpg 768w, https:\/\/www.thetfordmarine.com\/wp-content\/uploads\/2020\/02\/P.78_All-in-one-panel-1-120x92.jpg 120w\" sizes=\"(max-width: 670px) 100vw, 670px\" \/><\/p>\n","protected":false},"excerpt":{"rendered":"<p>Il sistema \u00e8 composto da una o pi\u00f9 toilette Ogni toilette \u00e8 approvigionata con acuqaz proveniente dall&#8217;impianto generale \u00a0pressurizzato di acqua dolce. Lo stesso impianto che distribuisce acqua alle varie utenze: lavabi, bidet docce etc. Ogni toilette ha un&#8217;elettrovalvola dedicata, che viene alimentata elettricamente dal pannello di controllo Dettagli di cablaggio &nbsp;<\/p>\n","protected":false},"author":1,"featured_media":0,"parent":27263,"menu_order":0,"comment_status":"closed","ping_status":"closed","template":"","meta":{"_relevanssi_hide_post":"","_relevanssi_pin_for_all":"","_relevanssi_pin_keywords":"","_relevanssi_unpin_keywords":"","_relevanssi_related_keywords":"","_relevanssi_related_include_ids":"","_relevanssi_related_exclude_ids":"","_relevanssi_related_no_append":"","_relevanssi_related_not_related":"","_relevanssi_related_posts":"","_relevanssi_noindex_reason":"","_monsterinsights_skip_tracking":false,"_monsterinsights_sitenote_active":false,"_monsterinsights_sitenote_note":"","_monsterinsights_sitenote_category":0,"_genesis_hide_title":false,"_genesis_hide_breadcrumbs":false,"_genesis_hide_singular_image":false,"_genesis_hide_footer_widgets":false,"_genesis_custom_body_class":"","_genesis_custom_post_class":"","_genesis_layout":""},"acf":[],"_links":{"self":[{"href":"https:\/\/www.thetfordmarine.com\/it\/wp-json\/wp\/v2\/pages\/27279"}],"collection":[{"href":"https:\/\/www.thetfordmarine.com\/it\/wp-json\/wp\/v2\/pages"}],"about":[{"href":"https:\/\/www.thetfordmarine.com\/it\/wp-json\/wp\/v2\/types\/page"}],"author":[{"embeddable":true,"href":"https:\/\/www.thetfordmarine.com\/it\/wp-json\/wp\/v2\/users\/1"}],"replies":[{"embeddable":true,"href":"https:\/\/www.thetfordmarine.com\/it\/wp-json\/wp\/v2\/comments?post=27279"}],"version-history":[{"count":3,"href":"https:\/\/www.thetfordmarine.com\/it\/wp-json\/wp\/v2\/pages\/27279\/revisions"}],"predecessor-version":[{"id":33614,"href":"https:\/\/www.thetfordmarine.com\/it\/wp-json\/wp\/v2\/pages\/27279\/revisions\/33614"}],"up":[{"embeddable":true,"href":"https:\/\/www.thetfordmarine.com\/it\/wp-json\/wp\/v2\/pages\/27263"}],"wp:attachment":[{"href":"https:\/\/www.thetfordmarine.com\/it\/wp-json\/wp\/v2\/media?parent=27279"}],"curies":[{"name":"wp","href":"https:\/\/api.w.org\/{rel}","templated":true}]}}